{"id":1488,"date":"2015-05-11T21:48:03","date_gmt":"2015-05-11T20:48:03","guid":{"rendered":"https:\/\/www.mojstrovina-cnc.si\/de\/o-podjetju-mojstrovina\/"},"modified":"2023-11-20T08:26:40","modified_gmt":"2023-11-20T07:26:40","slug":"ueber-uns","status":"publish","type":"page","link":"https:\/\/www.mojstrovina-cnc.si\/de\/ueber-uns\/","title":{"rendered":"\u00dcber uns"},"content":{"rendered":"<section class=\"l-section wpb_row height_medium\"><div class=\"l-section-h i-cf\"><div class=\"g-cols vc_row via_flex valign_top type_default stacking_default\"><div class=\"vc_col-sm-12 wpb_column vc_column_container\"><div class=\"vc_column-inner us_custom_6f060585\"><div class=\"wpb_wrapper\"><div class=\"wpb_text_column\"><div class=\"wpb_wrapper\"><p>Die Firma MOJSTROVINA d.o.o. aus Slovenska Bistrica begann ihre T\u00e4tigkeit im Jahr 2004. Wir sind ein Familienunternehmen, das aus MI-BRO-STROJ, einer Handwerker Firma, gegrundet im 1999, die sich auch mit Metallverarbeitung besch\u00e4ftigt hat, entstandten sind. Bis heute ist unsere T\u00e4tigkeit st\u00e4rker geworden, gewann an Qualit\u00e4t (ISO 9001) und hat sich auf die Fertigung von komplexeren Produkte, wie zum Beispiel Fertigung von verschiedenen Maschinenteilen f\u00fcr die Automobil- und Automoto-industrie, Fertigung von Schwei\u00dfteilen aus Aluminium, Edelstahl und Eisen mit Endmechanischebearbeitung und Bearbeitung der Schmiede- und Gu\u00dfteile erweitert. Wir haben auch unser eigenes Produkt entwickelt und zwar sind das Anlagen zur Herstellung von K\u00fcrbiskern\u00f6l durch Pressen der Samen und Pressen f\u00fcr die Kaltpressung der Samen.<\/p>\n<blockquote>\n<p>In der Firma sind zur Zeit 60 Mitarbeiter regelm\u00e4\u00dfig besch\u00e4ftigt. Dynamische Entwicklung und Professionalit\u00e4t unserer mitarbeiter erm\u00f6glichen es UNS AUCH die ANSPRUCHSVOLLSTE KUNDEN ZUFRIEDEN zu STELLEN, die von uns an CNC- und konventionellen Maschinen hergestellte Produkte in hochwertigen Qualit\u00e4t erwarten.<\/p>\n<\/blockquote>\n<\/div><\/div><div class=\"w-slider style_none fit_cover nav_none count_4\"><div class=\"w-slider-h\" aria-hidden=\"true\"><div class=\"royalSlider\"><div class=\"rsContent\"><a class=\"rsImg\" data-rsw=\"1024\" data-rsh=\"682\" data-rsBigImg=\"https:\/\/www.mojstrovina-cnc.si\/wp-content\/uploads\/2020\/11\/mojstrovina-podjetje-slovenska-bistrica-02.jpg\" href=\"https:\/\/www.mojstrovina-cnc.si\/wp-content\/uploads\/2020\/11\/mojstrovina-podjetje-slovenska-bistrica-02-1024x682.jpg\"><span data-alt=\"\"><\/span><\/a><\/div><div class=\"rsContent\"><a class=\"rsImg\" data-rsw=\"1024\" data-rsh=\"683\" data-rsBigImg=\"https:\/\/www.mojstrovina-cnc.si\/wp-content\/uploads\/2018\/12\/skupisnka-slika-zaposlenih.jpg\" href=\"https:\/\/www.mojstrovina-cnc.si\/wp-content\/uploads\/2018\/12\/skupisnka-slika-zaposlenih-1024x683.jpg\"><span data-alt=\"\"><\/span><\/a><\/div><div class=\"rsContent\"><a class=\"rsImg\" data-rsw=\"1024\" data-rsh=\"768\" data-rsBigImg=\"https:\/\/www.mojstrovina-cnc.si\/wp-content\/uploads\/2018\/12\/slika-podjetja.jpg\" href=\"https:\/\/www.mojstrovina-cnc.si\/wp-content\/uploads\/2018\/12\/slika-podjetja-1024x768.jpg\"><span data-alt=\"\"><\/span><\/a><\/div><div class=\"rsContent\"><a class=\"rsImg\" data-rsw=\"1024\" data-rsh=\"682\" data-rsBigImg=\"https:\/\/www.mojstrovina-cnc.si\/wp-content\/uploads\/2020\/11\/mojstrovina-podjetje-slovenska-bistrica-01.jpg\" href=\"https:\/\/www.mojstrovina-cnc.si\/wp-content\/uploads\/2020\/11\/mojstrovina-podjetje-slovenska-bistrica-01-1024x682.jpg\"><span data-alt=\"\"><\/span><\/a><\/div><\/div><img decoding=\"async\" src=\"https:\/\/www.mojstrovina-cnc.si\/wp-content\/uploads\/2020\/11\/mojstrovina-podjetje-slovenska-bistrica-02-1024x682.jpg\" width=\"1024\" height=\"682\" alt loading=\"lazy\"><\/div><div class=\"w-slider-json\" onclick='return {&quot;autoScaleSlider&quot;:true,&quot;addActiveClass&quot;:true,&quot;loop&quot;:true,&quot;fadeInLoadedSlide&quot;:false,&quot;slidesSpacing&quot;:0,&quot;imageScalePadding&quot;:0,&quot;numImagesToPreload&quot;:2,&quot;arrowsNav&quot;:true,&quot;arrowsNavAutoHide&quot;:true,&quot;transitionType&quot;:&quot;fade&quot;,&quot;transitionSpeed&quot;:250,&quot;block&quot;:{&quot;moveEffect&quot;:&quot;none&quot;,&quot;speed&quot;:300},&quot;thumbs&quot;:{&quot;fitInViewport&quot;:false,&quot;firstMargin&quot;:false,&quot;spacing&quot;:4},&quot;controlNavigation&quot;:&quot;none&quot;,&quot;autoplay&quot;:{&quot;enabled&quot;:true,&quot;pauseOnHover&quot;:true,&quot;delay&quot;:3000},&quot;fullscreen&quot;:{&quot;enabled&quot;:true},&quot;autoScaleSliderWidth&quot;:1024,&quot;autoScaleSliderHeight&quot;:682}'><\/div><\/div><div class=\"w-separator size_custom\" style=\"height:32px\"><\/div><div class=\"g-cols wpb_row via_flex valign_top type_default stacking_default\"><div class=\"vc_col-sm-6 wpb_column vc_column_container\"><div class=\"vc_column-inner\"><div class=\"wpb_wrapper\"><div class=\"w-video align_none ratio_16x9 has_iframe\"><div class=\"w-video-h\"><iframe title=\"Youtube video player\" src=\"\/\/www.youtube.com\/embed\/eiKqTxCk8gc?autoplay=0&controls=1&origin=https:\/\/www.mojstrovina-cnc.si\/de\/&loop=0&mute=1\" allowfullscreen=\"1\" loading=\"lazy\"><\/iframe><\/div><\/div><\/div><\/div><\/div><div class=\"vc_col-sm-6 wpb_column vc_column_container\"><div class=\"vc_column-inner\"><div class=\"wpb_wrapper\"><div class=\"w-video align_none ratio_16x9 has_iframe\"><div class=\"w-video-h\"><iframe title=\"Youtube video player\" src=\"\/\/www.youtube.com\/embed\/0W3DPplmEUI?autoplay=0&controls=1&origin=https:\/\/www.mojstrovina-cnc.si\/de\/&loop=0&mute=1\" allowfullscreen=\"1\" loading=\"lazy\"><\/iframe><\/div><\/div><\/div><\/div><\/div><\/div><div class=\"g-cols wpb_row us_custom_d2199d32 via_flex valign_top type_default stacking_default\"><div class=\"vc_col-sm-6 wpb_column vc_column_container\"><div class=\"vc_column-inner\"><div class=\"wpb_wrapper\"><div class=\"w-video align_none ratio_16x9 has_iframe\"><div class=\"w-video-h\"><iframe title=\"Youtube video player\" src=\"\/\/www.youtube.com\/embed\/9QTJYImgqqA?autoplay=0&controls=1&origin=https:\/\/www.mojstrovina-cnc.si\/de\/&loop=0&mute=1\" allowfullscreen=\"1\" loading=\"lazy\"><\/iframe><\/div><\/div><\/div><\/div><\/div><div class=\"vc_col-sm-6 wpb_column vc_column_container\"><div class=\"vc_column-inner\"><div class=\"wpb_wrapper\"><div class=\"w-video align_none ratio_16x9 has_iframe\"><div class=\"w-video-h\"><iframe title=\"Youtube video player\" src=\"\/\/www.youtube.com\/embed\/odraYIAwZWg?autoplay=0&controls=1&origin=https:\/\/www.mojstrovina-cnc.si\/de\/&loop=0&mute=1\" allowfullscreen=\"1\" loading=\"lazy\"><\/iframe><\/div><\/div><\/div><\/div><\/div><\/div><div class=\"w-separator size_medium with_line width_default thick_1 style_solid color_border align_center\"><div class=\"w-separator-h\"><\/div><\/div><div id=\"ultimate-heading-59369dff36ce67c5\" class=\"uvc-heading ult-adjust-bottom-margin ultimate-heading-59369dff36ce67c5 uvc-3854 \" data-hspacer=\"no_spacer\"  data-halign=\"center\" style=\"text-align:center\"><div class=\"uvc-heading-spacer no_spacer\" style=\"top\"><\/div><div class=\"uvc-main-heading ult-responsive\"  data-ultimate-target='.uvc-heading.ultimate-heading-59369dff36ce67c5 h2'  data-responsive-json-new='{\"font-size\":\"\",\"line-height\":\"\"}' ><h2 style=\"font-weight:normal;\">Unsere Mission<\/h2><\/div><div class=\"uvc-sub-heading ult-responsive\"  data-ultimate-target='.uvc-heading.ultimate-heading-59369dff36ce67c5 .uvc-sub-heading '  data-responsive-json-new='{\"font-size\":\"\",\"line-height\":\"\"}'  style=\"font-weight:normal;\"><em>Kreativit\u00e4t, Pr\u00e4zision und Innovation sind unsere wichtigsten Werte und Tugenden!<\/em><\/div><\/div><div class=\"w-separator size_custom\" style=\"height:32px\"><\/div><div class=\"wpb_text_column\"><div class=\"wpb_wrapper\"><blockquote>\n<p>Die Mission des Unternehmens Meisterwerk d. o. o. ist noch h\u00f6her auf dem Markt, wo wir einen Wettbewerbsvorteil, Impuls und neue Gesch\u00e4ftsm\u00f6glichkeiten sehen, durchzudringen.<\/p>\n<\/blockquote>\n<blockquote>\n<p>Mit unserem Maschinenpark m\u00f6chten wir die beste Qualit\u00e4t der Produkte und ein neues Modell des Produktes erreichen und damit Kunden zu gewinnen. F\u00fcr alle Produkte suchen wir innovative L\u00f6sungen um unseren Kunden und ihren Bed\u00fcrfnissen zu befriedigen und gleichzeitig passen wir uns an modernen Trends und Anforderungen, die der Markt gesucht.<\/p>\n<\/blockquote>\n<blockquote>\n<p>Kreativit\u00e4t, Pr\u00e4zision und Innovation sind unsere wichtigsten Werte und Tugenden, mit denen wir immer Aufmerksamkeit erregen und bedienen unsere Kunden.<\/p>\n<\/blockquote>\n<\/div><\/div><div class=\"w-separator size_medium with_line width_default thick_1 style_solid color_border align_center\"><div class=\"w-separator-h\"><\/div><\/div><div id=\"ultimate-heading-38269dff36ce6a80\" class=\"uvc-heading ult-adjust-bottom-margin ultimate-heading-38269dff36ce6a80 uvc-9884 \" data-hspacer=\"no_spacer\"  data-halign=\"center\" style=\"text-align:center\"><div class=\"uvc-heading-spacer no_spacer\" style=\"top\"><\/div><div class=\"uvc-main-heading ult-responsive\"  data-ultimate-target='.uvc-heading.ultimate-heading-38269dff36ce6a80 h2'  data-responsive-json-new='{\"font-size\":\"\",\"line-height\":\"\"}' ><h2 style=\"font-weight:normal;\">Unsere werte<\/h2><\/div><\/div><div class=\"w-separator size_custom\" style=\"height:32px\"><\/div><div class=\"smile_icon_list_wrap ult_info_list_container ult-adjust-bottom-margin  \"><ul class=\"smile_icon_list left hexagon\"><li class=\"icon_list_item\" style=\" font-size:72px;\"><div class=\"icon_list_icon\" data-animation=\"swing\" data-animation-delay=\"03\" style=\"font-size:24px;background:#81d742;color:#333333;border-color:#81d742;\"><i class=\"Defaults-graduation-cap\" ><\/i><\/div><div class=\"icon_description\" id=\"Info-list-wrap-5889\" style=\"font-size:24px;\"><h3 class=\"ult-responsive info-list-heading\"  data-ultimate-target='#Info-list-wrap-5889 h3'  data-responsive-json-new='{\"font-size\":\"desktop:18px;\",\"line-height\":\"desktop:24px;\"}'  style=\"\">Wissen<\/h3><div class=\"icon_description_text ult-responsive\"  data-ultimate-target='#Info-list-wrap-5889 .icon_description_text'  data-responsive-json-new='{\"font-size\":\"desktop:14px;\",\"line-height\":\"desktop:18px;\"}'  style=\"\"><p>F\u00fcrsorge f\u00fcr die Kenntnisse und F\u00e4higkeiten der Mitarbeiter und deren Motivation sind f\u00fcr die Entwicklung der Firma sehr wichtig. Diese Elemente sind f\u00fcr eine nachhaltige Entwicklung, Wachstum und gesch\u00e4ftlichen Erfolg der Firma sehr wichtig. Deshalb wird diesem in der Firma Mojstrovina d. o. o. viel Aufmerksamkeit <strong>gewidmet<\/strong>.<\/p>\n<\/div><\/div><div class=\"icon_list_connector\" data-animation=\"fadeInUp\" data-animation-delay=\"03\" style=\"border-right-width: 1px;border-right-style: dashed;border-color: #333333;\"><\/div><\/li><li class=\"icon_list_item\" style=\" font-size:72px;\"><div class=\"icon_list_icon\" data-animation=\"swing\" data-animation-delay=\"03\" style=\"font-size:24px;background:#81d742;color:#333333;border-color:#81d742;\"><i class=\"Defaults-trophy\" ><\/i><\/div><div class=\"icon_description\" id=\"Info-list-wrap-5278\" style=\"font-size:24px;\"><h3 class=\"ult-responsive info-list-heading\"  data-ultimate-target='#Info-list-wrap-5278 h3'  data-responsive-json-new='{\"font-size\":\"desktop:18px;\",\"line-height\":\"desktop:24px;\"}'  style=\"\">Qualit\u00e4t<\/h3><div class=\"icon_description_text ult-responsive\"  data-ultimate-target='#Info-list-wrap-5278 .icon_description_text'  data-responsive-json-new='{\"font-size\":\"desktop:14px;\",\"line-height\":\"desktop:18px;\"}'  style=\"\"><p>Qualit\u00e4t gibt unser Firma den Wert und ist die einzige Waffe im Kampf gegen die Mittelm\u00e4\u00dfigkeit. Die Einhaltung der anspruchsvollsten technologischen Standards und den Anforderungen der \/ W\u00fcnsche der Kunden bietet uns einen Platz auf dem Markt und Wettbewerbsvorteile zu schaffen.<\/p>\n<\/div><\/div><div class=\"icon_list_connector\" data-animation=\"fadeInUp\" data-animation-delay=\"03\" style=\"border-right-width: 1px;border-right-style: dashed;border-color: #333333;\"><\/div><\/li><li class=\"icon_list_item\" style=\" font-size:72px;\"><div class=\"icon_list_icon\" data-animation=\"swing\" data-animation-delay=\"03\" style=\"font-size:24px;background:#81d742;color:#333333;border-color:#81d742;\"><i class=\"Defaults-group\" ><\/i><\/div><div class=\"icon_description\" id=\"Info-list-wrap-4176\" style=\"font-size:24px;\"><h3 class=\"ult-responsive info-list-heading\"  data-ultimate-target='#Info-list-wrap-4176 h3'  data-responsive-json-new='{\"font-size\":\"desktop:18px;\",\"line-height\":\"desktop:24px;\"}'  style=\"\">Menschen<\/h3><div class=\"icon_description_text ult-responsive\"  data-ultimate-target='#Info-list-wrap-4176 .icon_description_text'  data-responsive-json-new='{\"font-size\":\"desktop:14px;\",\"line-height\":\"desktop:18px;\"}'  style=\"\"><p>Die wichtigste und zugleich auch die st\u00e4rkste Kraft, die die Entwicklung unserer Firma antreibt, sind unsere Mitarbeiter. Der gr\u00f6\u00dfte Teil der Aufmerksamkeit, die wir unserer Dienstleistungen und Produkte widmen, ist in Richtung unserer Kunden ausgerichtet. Die Mitarbeiter sind f\u00fcr uns nicht nur Zahlen auf einem Papier, daher m\u00fcssen ihre W\u00fcnsche, Bed\u00fcrfnisse und Anforderungen geh\u00f6rt, versteht und ber\u00fccksichtigt werden.<\/p>\n<\/div><\/div><div class=\"icon_list_connector\" data-animation=\"fadeInUp\" data-animation-delay=\"03\" style=\"border-right-width: 1px;border-right-style: dashed;border-color: #333333;\"><\/div><\/li><\/ul><\/div><\/div><\/div><\/div><\/div><\/div><\/section>\n","protected":false},"excerpt":{"rendered":"Die Firma MOJSTROVINA d.o.o. aus Slovenska Bistrica begann ihre T\u00e4tigkeit im Jahr 2004. Wir sind ein Familienunternehmen, das aus MI-BRO-STROJ, einer Handwerker Firma, gegrundet im 1999, die sich auch mit Metallverarbeitung besch\u00e4ftigt hat, entstandten sind. Bis heute ist unsere T\u00e4tigkeit st\u00e4rker geworden, gewann an Qualit\u00e4t (ISO 9001) und hat sich auf die Fertigung von komplexeren...","protected":false},"author":1,"featured_media":0,"parent":0,"menu_order":0,"comment_status":"closed","ping_status":"open","template":"","meta":{"footnotes":""},"hf_cat_page":[],"class_list":["post-1488","page","type-page","status-publish","hentry"],"_links":{"self":[{"href":"https:\/\/www.mojstrovina-cnc.si\/de\/wp-json\/wp\/v2\/pages\/1488","targetHints":{"allow":["GET"]}}],"collection":[{"href":"https:\/\/www.mojstrovina-cnc.si\/de\/wp-json\/wp\/v2\/pages"}],"about":[{"href":"https:\/\/www.mojstrovina-cnc.si\/de\/wp-json\/wp\/v2\/types\/page"}],"author":[{"embeddable":true,"href":"https:\/\/www.mojstrovina-cnc.si\/de\/wp-json\/wp\/v2\/users\/1"}],"replies":[{"embeddable":true,"href":"https:\/\/www.mojstrovina-cnc.si\/de\/wp-json\/wp\/v2\/comments?post=1488"}],"version-history":[{"count":0,"href":"https:\/\/www.mojstrovina-cnc.si\/de\/wp-json\/wp\/v2\/pages\/1488\/revisions"}],"wp:attachment":[{"href":"https:\/\/www.mojstrovina-cnc.si\/de\/wp-json\/wp\/v2\/media?parent=1488"}],"wp:term":[{"taxonomy":"hf_cat_page","embeddable":true,"href":"https:\/\/www.mojstrovina-cnc.si\/de\/wp-json\/wp\/v2\/hf_cat_page?post=1488"}],"curies":[{"name":"wp","href":"https:\/\/api.w.org\/{rel}","templated":true}]}}