{"id":1471,"date":"2015-05-11T20:20:20","date_gmt":"2015-05-11T19:20:20","guid":{"rendered":"https:\/\/www.mojstrovina-cnc.si\/de\/kontakt\/"},"modified":"2021-12-13T20:54:56","modified_gmt":"2021-12-13T19:54:56","slug":"kontakte","status":"publish","type":"page","link":"https:\/\/www.mojstrovina-cnc.si\/de\/kontakte\/","title":{"rendered":"Kontakte"},"content":{"rendered":"<section class=\"l-section wpb_row height_auto width_full\"><div class=\"l-section-h i-cf\"><div class=\"g-cols vc_row via_flex valign_top type_default stacking_default\"><div class=\"vc_col-sm-12 wpb_column vc_column_container\"><div class=\"vc_column-inner\"><div class=\"wpb_wrapper\"><div class=\"w-map provider_google\" id=\"us_map_1\"><div class=\"w-map-inner\"><div class=\"w-map-json\" onclick='return {&quot;address&quot;:&quot;\\u017dolgarjeva ulica 9, 2310 Slovenska Bistrica&quot;,&quot;disableDragging&quot;:0,&quot;disableZoom&quot;:0,&quot;hideControls&quot;:0,&quot;zoom&quot;:15,&quot;markers&quot;:[{&quot;address&quot;:&quot;\\u017dolgarjeva ulica 9, 2310 Slovenska Bistrica&quot;,&quot;html&quot;:&quot;Mojstrovina d.o.o.&quot;,&quot;infowindow&quot;:0}],&quot;maptype&quot;:&quot;ROADMAP&quot;}'><\/div><\/div><\/div><\/div><\/div><\/div><\/div><\/div><\/section><section class=\"l-section wpb_row height_medium\"><div class=\"l-section-h i-cf\"><div class=\"g-cols vc_row via_flex valign_top type_default stacking_default\"><div class=\"vc_col-sm-8 wpb_column vc_column_container\"><div class=\"vc_column-inner us_custom_6f060585\"><div class=\"wpb_wrapper\"><div class=\"wpb_text_column\"><div class=\"wpb_wrapper\"><h2>Treten Sie mit Uns in Kontakt!<\/h2>\n<h4>Ihre Anfrage wird so schnell wie m\u00f6glich beantwortet.<\/h4>\n<\/div><\/div><form class=\"w-form  us-field-style_1 layout_ver show_message_after_sending for_cform us_form_1\" action=\"https:\/\/www.mojstrovina-cnc.si\/de\/wp-json\/wp\/v2\/pages\/1471\" method=\"post\"><div class=\"w-form-h\"><div class=\"w-form-row for_text has_label required with_icon\">\r\n\t\t\t<div class=\"w-form-row-label\">\r\n\t\t\t<span>Ime in priimek *<\/span>\r\n\t\t<\/div>\r\n\t\t<div class=\"w-form-row-field\">\r\n\t\t\t\t<i class=\"material-icons\">person<\/i>\t\t<input aria-label=\"Ime in priimek\" type=\"text\" name=\"us_form_1_text_1\" value placeholder data-required=\"true\" aria-required=\"true\"\/>\r\n\t\t\t<\/div>\r\n\t\t<div class=\"w-form-row-state\">Bitte f\u00fcllen Sie dieses Feld aus.<\/div>\r\n<\/div>\r\n<div class=\"w-form-row for_text has_label required with_icon\">\r\n\t\t\t<div class=\"w-form-row-label\">\r\n\t\t\t<span>E-po\u0161ta *<\/span>\r\n\t\t<\/div>\r\n\t\t<div class=\"w-form-row-field\">\r\n\t\t\t\t<i class=\"material-icons\">email<\/i>\t\t<input aria-label=\"E-po\u0161ta\" type=\"text\" name=\"us_form_1_text_2\" value placeholder data-required=\"true\" aria-required=\"true\"\/>\r\n\t\t\t<\/div>\r\n\t\t<div class=\"w-form-row-state\">Bitte f\u00fcllen Sie dieses Feld aus.<\/div>\r\n<\/div>\r\n<div class=\"w-form-row for_text has_label with_icon\">\r\n\t\t\t<div class=\"w-form-row-label\">\r\n\t\t\t<span>Phone Number<\/span>\r\n\t\t<\/div>\r\n\t\t<div class=\"w-form-row-field\">\r\n\t\t\t\t<i class=\"material-icons\">phone<\/i>\t\t<input aria-label=\"Phone Number\" type=\"text\" name=\"us_form_1_text_3\" value placeholder\/>\r\n\t\t\t<\/div>\r\n\t\t<div class=\"w-form-row-state\">Bitte f\u00fcllen Sie dieses Feld aus.<\/div>\r\n<\/div>\r\n<div class=\"w-form-row for_textarea has_label required with_icon\">\r\n\t\t\t<div class=\"w-form-row-label\">\r\n\t\t\t<span>Message *<\/span>\r\n\t\t<\/div>\r\n\t\t<div class=\"w-form-row-field\">\r\n\t\t\t\t<i class=\"material-icons\">create<\/i>\t\t<textarea aria-label=\"Message\" name=\"us_form_1_textarea_1\" placeholder data-required=\"true\" aria-required=\"true\"><\/textarea>\r\n\t\t\t<\/div>\r\n\t\t<div class=\"w-form-row-state\">Bitte f\u00fcllen Sie dieses Feld aus.<\/div>\r\n<\/div>\r\n<div class=\"w-form-row for_captcha has_label required with_icon\">\r\n\t<div class=\"w-form-row-label\">\r\n\t\t<span>Just to prove you are a human, please solve the equation:  <span>22 + 12 = ?<\/span><\/span>\r\n\t<\/div>\r\n\t<div class=\"w-form-row-field\">\r\n\t\t\t\t<input type=\"hidden\" name=\"us_form_1_captcha_1_hash\" value=\"04fbbb8e626f39a3af9b7e773a2ccfce\" \/>\r\n\t\t<i class=\"material-icons\">extension<\/i>\t\t<input aria-label=\"Just to prove you are a human, please solve the equation: \" type=\"text\" name=\"us_form_1_captcha_1\" placeholder data-required=\"true\" aria-required=\"true\"\/>\r\n\t\t\t<\/div>\r\n\t\t<div class=\"w-form-row-state\">Bitte geben Sie das Ergebnis ein, um fortzufahren<\/div>\r\n<\/div>\r\n<div class=\"w-form-row for_agreement required\">\r\n\t\t<div class=\"w-form-row-field\">\r\n\t\t\t\t<label>\r\n\t\t\t<input type=\"checkbox\" value=\"1\" data-required=\"true\" aria-required=\"true\" name=\"us_form_1_agreement_1\"\/>\r\n\t\t\t<span>GDPR: Ich stimme der Zusendung personenbezogener Daten zum Zwecke der Kommunikation mit mir zu.<\/span>\r\n\t\t<\/label>\r\n\t\t\t<\/div>\r\n\t\t<div class=\"w-form-row-state\">Sie m\u00fcssen den Bedingungen zustimmen, um fortzufahren.<\/div>\r\n<\/div>\r\n<input type=\"hidden\" name=\"action\" value=\"us_ajax_cform\" \/>\r\n<input type=\"hidden\" name=\"post_id\" value=\"0\" \/>\r\n<input type=\"hidden\" name=\"form_index\" value=\"1\" \/>\r\n<div class=\"w-form-row for_submit align_none\"><button class=\"w-btn us-btn-style_7\" type=\"submit\" aria-label=\"Send Message\"><span class=\"g-preloader type_1\"><\/span><span class=\"w-btn-label\">Send Message<\/span><\/button><\/div><\/div><div class=\"w-form-message\"><\/div><div class=\"w-form-json hidden\" onclick='return {&quot;ajaxurl&quot;:&quot;https:\\\/\\\/www.mojstrovina-cnc.si\\\/wp-admin\\\/admin-ajax.php&quot;,&quot;messages&quot;:{&quot;err_empty&quot;:&quot;Bitte f\\u00fcllen Sie dieses Feld aus.&quot;,&quot;err_size&quot;:&quot;Die Dateigr\\u00f6\\u00dfe darf %s MB nicht \\u00fcberschreiten&quot;,&quot;err_extension&quot;:&quot;Dateityp %s ist nicht zul\\u00e4ssig&quot;,&quot;err_recaptcha_keys&quot;:&quot;reCAPTCHA-Schl\\u00fcssel sind fehlerhaft&quot;}}'><\/div><\/form><div class=\"w-separator size_custom\" style=\"height:50px\"><\/div><div class=\"w-separator size_medium\"><\/div><div class=\"wpb_text_column\"><div class=\"wpb_wrapper\"><blockquote>\n<h2>Besuchen Sie Uns!<\/h2>\n<\/blockquote>\n<\/div><\/div><div class=\"w-actionbox color_secondary controls_right\"><div class=\"w-actionbox-text\"><h2 class=\"w-actionbox-title\">Wie finden Sie Uns?<\/h2><\/div><div class=\"w-actionbox-controls\"><a class=\"w-btn us-btn-style_8 icon_atleft\" style=\"font-size:19px\" target=\" _blank\" rel=\"nofollow\" href=\"https:\/\/www.google.si\/maps\/dir\/\/Mojstrovina,+proizvodnja,+posredni\u0161tvo,+trgovina+in+storitve,+d.o.o.,+\u017dolgarjeva+ulica+9,+2310+Slovenska+Bistrica\/@46.387254,15.5707034,17z\/data=!4m13!1m4!3m3!1s0x476f7e259b2a5ef5:0xe98a5859546638fd!2sMojstrovina,+proizvodnja,+posredni\u0161tvo,+trgovina+in+storitve,+d.o.o.!3b1!4m7!1m0!1m5!1m1!1s0x476f7e259b2a5ef5:0xe98a5859546638fd!2m2!1d15.5707034!2d46.387254\"><i class=\"far fa-compass\"><\/i><span class=\"w-btn-label\">Routenberechnung<\/span><\/a><\/div><\/div><div class=\"w-separator size_medium with_line width_default thick_1 style_solid color_border align_center with_content\"><div class=\"w-separator-h\"><i class=\"material-icons\">map<\/i><\/div><\/div><\/div><\/div><\/div><div class=\"vc_col-sm-4 wpb_column vc_column_container\"><div class=\"vc_column-inner us_custom_6f060585\"><div class=\"wpb_wrapper\"><div class=\"wpb_text_column\"><div class=\"wpb_wrapper\"><h2>Kontakte<\/h2>\n<p><strong>MOJSTROVINA, d.o.o.<\/strong><br \/>\n\u017dolgarjeva ulica 9<br \/>\n2310 Slovenska Bistrica<\/p>\n<\/div><\/div><div class=\"w-separator size_small with_line width_default thick_1 style_solid color_border align_center with_content\"><div class=\"w-separator-h\"><i class=\"fas fa-info\"><\/i><\/div><\/div><div class=\"wpb_text_column\"><div class=\"wpb_wrapper\"><h3>Gesch\u00e4ftsf\u00fchrer<\/h3>\n<p><strong>Miran O\u010dko<\/strong><br \/>\nTEL: +386 2 805 0631<br \/>\nGSM: +386 51 383 464<br \/>\nE-MAIL: <a href=\"mailto:info@mojstrovina-cnc.si\">info@mojstrovina-cnc.si<\/a><\/p>\n<\/div><\/div><div class=\"wpb_text_column\"><div class=\"wpb_wrapper\"><h3>Technischer Direktor &#8211; Einkauf<\/h3>\n<p><strong>Matic O\u010dko<\/strong><br \/>\nGSM: +386 41 217 272<br \/>\nE-MAIL: <a href=\"mailto:matic@mojstrovina-cnc.si\">matic@mojstrovina-cnc.si<\/a><\/p>\n<\/div><\/div><div class=\"wpb_text_column\"><div class=\"wpb_wrapper\"><h3>Sekretariat<\/h3>\n<p><strong>Brigita O\u010dko<\/strong><br \/>\nTEL: +386 2 805 0630<br \/>\nFAKS: +386 2 805 0633<br \/>\nE-MAIL: <a href=\"mailto:tajnistvo@mojstrovina-cnc.si\">tajnistvo@mojstrovina-cnc.si<\/a><\/p>\n<\/div><\/div><div class=\"wpb_text_column\"><div class=\"wpb_wrapper\"><h3>Buchhaltung<\/h3>\n<p><strong>Polona \u0160kerget<\/strong><br \/>\nTEL: +386 2 805 0636<br \/>\nGSM: +386 31 531 931<br \/>\nE-MAIL: <a href=\"mailto:racunovodstvo@mojstrovina-cnc.si\">racunovodstvo@mojstrovina-cnc.si<\/a><\/p>\n<\/div><\/div><div class=\"wpb_text_column\"><div class=\"wpb_wrapper\"><h3>Verwaltung<\/h3>\n<p><strong>Lidija O\u010dko<\/strong><br \/>\nTEL: +386 2 805 06 37<br \/>\nGSM: +386 40 126 724<br \/>\nE-MAIL: <a href=\"mailto:lidija@mojstrovina-cnc.si\">lidija@mojstrovina-cnc.si<\/a><\/p>\n<\/div><\/div><div class=\"wpb_text_column\"><div class=\"wpb_wrapper\"><h3>Marketing<\/h3>\n<p><strong>Leopold Arzen\u0161ek (direktor komerciale)<\/strong><br \/>\nTEL: 386 2 80 50 638<br \/>\nGSM: +386 31 341 372<br \/>\nE-MAIL: <a href=\"mailto:leo@mojstrovina-cnc.si\">leo@mojstrovina-cnc.si<\/a><\/p>\n<\/div><\/div><div class=\"wpb_text_column\"><div class=\"wpb_wrapper\"><h3>Produktion<\/h3>\n<p><strong>Ale\u0161 Pregl<\/strong><br \/>\nGSM: +386 41 755 232<br \/>\nE-MAIL: <a href=\"mailto:proizvodnja@mojstrovina-cnc.si\">proizvodnja@mojstrovina-cnc.si<\/a><\/p>\n<\/div><\/div><div class=\"wpb_text_column\"><div class=\"wpb_wrapper\"><h3>Technologie und Entwicklung<\/h3>\n<p><strong>Boris Korez<\/strong><br \/>\nGSM: +386 41 505 392<br \/>\nE-PO\u0160TA: <a href=\"mailto:boris.korez@mojstrovina-cnc.si\">boris.korez@mojstrovina-cnc.si<\/a><\/p>\n<\/div><\/div><div class=\"w-separator size_small with_line width_default thick_1 style_solid color_border align_center with_content\"><div class=\"w-separator-h\"><i class=\"fas fa-users\"><\/i><\/div><\/div><div class=\"wpb_text_column\"><div class=\"wpb_wrapper\"><h2>Begleiten Sie uns auf<\/h2>\n<\/div><\/div><div class=\"w-socials us_custom_a6ceb248 color_brand shape_circle style_solid hover_fade\" style=\"--gap:0.1em;\"><div class=\"w-socials-list\"><div class=\"w-socials-item facebook\"><a target=\"_blank\" rel=\"nofollow\" href=\"https:\/\/www.facebook.com\/oljarstvo\" class=\"w-socials-item-link\" aria-label=\"Facebook\"><span class=\"w-socials-item-link-hover\"><\/span><i class=\"fab fa-facebook\"><\/i><\/a><div class=\"w-socials-item-popup\"><span>Facebook<\/span><\/div><\/div><div class=\"w-socials-item youtube\"><a target=\"_blank\" rel=\"nofollow\" href=\"https:\/\/www.youtube.com\/watch?v=5QP-lyKpELo\" class=\"w-socials-item-link\" aria-label=\"YouTube\"><span class=\"w-socials-item-link-hover\"><\/span><i class=\"fab fa-youtube\"><\/i><\/a><div class=\"w-socials-item-popup\"><span>YouTube<\/span><\/div><\/div><div class=\"w-socials-item flickr\"><a target=\"_blank\" rel=\"nofollow\" href=\"https:\/\/www.flickr.com\/photos\/136438485@N07\/\" class=\"w-socials-item-link\" aria-label=\"Flickr\"><span class=\"w-socials-item-link-hover\"><\/span><i class=\"fab fa-flickr\"><\/i><\/a><div class=\"w-socials-item-popup\"><span>Flickr<\/span><\/div><\/div><\/div><\/div><\/div><\/div><\/div><\/div><\/div><\/section>\n","protected":false},"excerpt":{"rendered":"Treten Sie mit Uns in Kontakt! Ihre Anfrage wird so schnell wie m\u00f6glich beantwortet. Ime in priimek * person Bitte f\u00fcllen Sie dieses Feld aus. E-po\u0161ta * email Bitte f\u00fcllen Sie dieses Feld aus. Phone Number phone Bitte f\u00fcllen Sie dieses Feld aus. Message * create Bitte f\u00fcllen Sie dieses Feld aus. Just to prove...","protected":false},"author":1,"featured_media":0,"parent":0,"menu_order":0,"comment_status":"closed","ping_status":"open","template":"","meta":{"footnotes":""},"hf_cat_page":[],"class_list":["post-1471","page","type-page","status-publish","hentry"],"_links":{"self":[{"href":"https:\/\/www.mojstrovina-cnc.si\/de\/wp-json\/wp\/v2\/pages\/1471","targetHints":{"allow":["GET"]}}],"collection":[{"href":"https:\/\/www.mojstrovina-cnc.si\/de\/wp-json\/wp\/v2\/pages"}],"about":[{"href":"https:\/\/www.mojstrovina-cnc.si\/de\/wp-json\/wp\/v2\/types\/page"}],"author":[{"embeddable":true,"href":"https:\/\/www.mojstrovina-cnc.si\/de\/wp-json\/wp\/v2\/users\/1"}],"replies":[{"embeddable":true,"href":"https:\/\/www.mojstrovina-cnc.si\/de\/wp-json\/wp\/v2\/comments?post=1471"}],"version-history":[{"count":0,"href":"https:\/\/www.mojstrovina-cnc.si\/de\/wp-json\/wp\/v2\/pages\/1471\/revisions"}],"wp:attachment":[{"href":"https:\/\/www.mojstrovina-cnc.si\/de\/wp-json\/wp\/v2\/media?parent=1471"}],"wp:term":[{"taxonomy":"hf_cat_page","embeddable":true,"href":"https:\/\/www.mojstrovina-cnc.si\/de\/wp-json\/wp\/v2\/hf_cat_page?post=1471"}],"curies":[{"name":"wp","href":"https:\/\/api.w.org\/{rel}","templated":true}]}}